{"id":812,"date":"2025-07-12T18:19:30","date_gmt":"2025-07-12T18:19:30","guid":{"rendered":"https:\/\/vitalreviva.com\/?page_id=812"},"modified":"2025-08-02T08:12:47","modified_gmt":"2025-08-02T08:12:47","slug":"arak-akciok","status":"publish","type":"page","link":"https:\/\/vitalreviva.com\/hu_hu\/arak-akciok\/","title":{"rendered":"\u00c1rak-Akci\u00f3k"},"content":{"rendered":"<div data-elementor-type=\"wp-page\" data-elementor-id=\"812\" class=\"elementor elementor-812\" data-elementor-post-type=\"page\">\n\t\t\t\t<div class=\"elementor-element elementor-element-a2f091d e-flex e-con-boxed e-con e-parent\" data-id=\"a2f091d\" data-element_type=\"container\" data-e-type=\"container\">\n\t\t\t\t\t<div class=\"e-con-inner\">\n\t\t\t\t<div class=\"elementor-element elementor-element-ac9e542 elementor-invisible elementor-widget elementor-widget-heading\" data-id=\"ac9e542\" data-element_type=\"widget\" data-e-type=\"widget\" data-settings=\"{&quot;_animation&quot;:&quot;zoomInUp&quot;}\" data-widget_type=\"heading.default\">\n\t\t\t\t<div class=\"elementor-widget-container\">\n\t\t\t\t\t<h2 class=\"elementor-heading-title elementor-size-default\">Akci\u00f3<\/h2>\t\t\t\t<\/div>\n\t\t\t\t<\/div>\n\t\t\t\t<div class=\"elementor-element elementor-element-17f46cd elementor-widget elementor-widget-image\" data-id=\"17f46cd\" data-element_type=\"widget\" data-e-type=\"widget\" data-widget_type=\"image.default\">\n\t\t\t\t<div class=\"elementor-widget-container\">\n\t\t\t\t\t\t\t\t\t\t\t\t\t\t\t<img fetchpriority=\"high\" decoding=\"async\" width=\"811\" height=\"597\" src=\"https:\/\/vitalreviva.com\/wp-content\/uploads\/2025\/07\/24.07.2025.-1.png\" class=\"attachment-large size-large wp-image-988\" alt=\"\" srcset=\"https:\/\/vitalreviva.com\/wp-content\/uploads\/2025\/07\/24.07.2025.-1.png 811w, https:\/\/vitalreviva.com\/wp-content\/uploads\/2025\/07\/24.07.2025.-1-300x221.png 300w, https:\/\/vitalreviva.com\/wp-content\/uploads\/2025\/07\/24.07.2025.-1-768x565.png 768w, https:\/\/vitalreviva.com\/wp-content\/uploads\/2025\/07\/24.07.2025.-1-16x12.png 16w\" sizes=\"(max-width: 811px) 100vw, 811px\" \/>\t\t\t\t\t\t\t\t\t\t\t\t\t\t\t<\/div>\n\t\t\t\t<\/div>\n\t\t\t\t<div class=\"elementor-element elementor-element-d763f02 elementor-widget elementor-widget-image\" data-id=\"d763f02\" data-element_type=\"widget\" data-e-type=\"widget\" data-widget_type=\"image.default\">\n\t\t\t\t<div class=\"elementor-widget-container\">\n\t\t\t\t\t\t\t\t\t\t\t\t\t\t\t<img decoding=\"async\" width=\"785\" height=\"590\" src=\"https:\/\/vitalreviva.com\/wp-content\/uploads\/2025\/07\/24.07.2025.-3.png\" class=\"attachment-large size-large wp-image-990\" alt=\"\" srcset=\"https:\/\/vitalreviva.com\/wp-content\/uploads\/2025\/07\/24.07.2025.-3.png 785w, https:\/\/vitalreviva.com\/wp-content\/uploads\/2025\/07\/24.07.2025.-3-300x225.png 300w, https:\/\/vitalreviva.com\/wp-content\/uploads\/2025\/07\/24.07.2025.-3-768x577.png 768w, https:\/\/vitalreviva.com\/wp-content\/uploads\/2025\/07\/24.07.2025.-3-16x12.png 16w\" sizes=\"(max-width: 785px) 100vw, 785px\" \/>\t\t\t\t\t\t\t\t\t\t\t\t\t\t\t<\/div>\n\t\t\t\t<\/div>\n\t\t\t\t<div class=\"elementor-element elementor-element-fac272d elementor-widget elementor-widget-image\" data-id=\"fac272d\" data-element_type=\"widget\" data-e-type=\"widget\" data-widget_type=\"image.default\">\n\t\t\t\t<div class=\"elementor-widget-container\">\n\t\t\t\t\t\t\t\t\t\t\t\t\t\t\t<img decoding=\"async\" width=\"811\" height=\"595\" src=\"https:\/\/vitalreviva.com\/wp-content\/uploads\/2025\/07\/24.07.2025.-4.png\" class=\"attachment-large size-large wp-image-991\" alt=\"\" srcset=\"https:\/\/vitalreviva.com\/wp-content\/uploads\/2025\/07\/24.07.2025.-4.png 811w, https:\/\/vitalreviva.com\/wp-content\/uploads\/2025\/07\/24.07.2025.-4-300x220.png 300w, https:\/\/vitalreviva.com\/wp-content\/uploads\/2025\/07\/24.07.2025.-4-768x563.png 768w, https:\/\/vitalreviva.com\/wp-content\/uploads\/2025\/07\/24.07.2025.-4-16x12.png 16w\" sizes=\"(max-width: 811px) 100vw, 811px\" \/>\t\t\t\t\t\t\t\t\t\t\t\t\t\t\t<\/div>\n\t\t\t\t<\/div>\n\t\t\t\t<div class=\"elementor-element elementor-element-c19cb3e elementor-widget elementor-widget-image\" data-id=\"c19cb3e\" data-element_type=\"widget\" data-e-type=\"widget\" data-widget_type=\"image.default\">\n\t\t\t\t<div class=\"elementor-widget-container\">\n\t\t\t\t\t\t\t\t\t\t\t\t\t\t\t<img loading=\"lazy\" decoding=\"async\" width=\"802\" height=\"591\" src=\"https:\/\/vitalreviva.com\/wp-content\/uploads\/2025\/07\/24.07.2025.-5.png\" class=\"attachment-large size-large wp-image-992\" alt=\"\" srcset=\"https:\/\/vitalreviva.com\/wp-content\/uploads\/2025\/07\/24.07.2025.-5.png 802w, https:\/\/vitalreviva.com\/wp-content\/uploads\/2025\/07\/24.07.2025.-5-300x221.png 300w, https:\/\/vitalreviva.com\/wp-content\/uploads\/2025\/07\/24.07.2025.-5-768x566.png 768w, https:\/\/vitalreviva.com\/wp-content\/uploads\/2025\/07\/24.07.2025.-5-16x12.png 16w\" sizes=\"(max-width: 802px) 100vw, 802px\" \/>\t\t\t\t\t\t\t\t\t\t\t\t\t\t\t<\/div>\n\t\t\t\t<\/div>\n\t\t\t\t<div class=\"elementor-element elementor-element-584d4ad elementor-invisible elementor-widget elementor-widget-heading\" data-id=\"584d4ad\" data-element_type=\"widget\" data-e-type=\"widget\" data-settings=\"{&quot;_animation&quot;:&quot;zoomIn&quot;}\" data-widget_type=\"heading.default\">\n\t\t\t\t<div class=\"elementor-widget-container\">\n\t\t\t\t\t<h2 class=\"elementor-heading-title elementor-size-default\">Forint \u00e9s Eur\u00f3 \u00e1rak<\/h2>\t\t\t\t<\/div>\n\t\t\t\t<\/div>\n\t\t\t\t<div class=\"elementor-element elementor-element-70cdb14 elementor-widget elementor-widget-image\" data-id=\"70cdb14\" data-element_type=\"widget\" data-e-type=\"widget\" data-widget_type=\"image.default\">\n\t\t\t\t<div class=\"elementor-widget-container\">\n\t\t\t\t\t\t\t\t\t\t\t\t\t\t\t<img loading=\"lazy\" decoding=\"async\" width=\"1024\" height=\"733\" src=\"https:\/\/vitalreviva.com\/wp-content\/uploads\/2025\/07\/ar-hu-14.07.2025-1024x733.png\" class=\"attachment-large size-large wp-image-825\" alt=\"\" srcset=\"https:\/\/vitalreviva.com\/wp-content\/uploads\/2025\/07\/ar-hu-14.07.2025-1024x733.png 1024w, https:\/\/vitalreviva.com\/wp-content\/uploads\/2025\/07\/ar-hu-14.07.2025-300x215.png 300w, https:\/\/vitalreviva.com\/wp-content\/uploads\/2025\/07\/ar-hu-14.07.2025-768x550.png 768w, https:\/\/vitalreviva.com\/wp-content\/uploads\/2025\/07\/ar-hu-14.07.2025.png 1385w\" sizes=\"(max-width: 1024px) 100vw, 1024px\" \/>\t\t\t\t\t\t\t\t\t\t\t\t\t\t\t<\/div>\n\t\t\t\t<\/div>\n\t\t\t\t<div class=\"elementor-element elementor-element-2211f31 elementor-widget elementor-widget-image\" data-id=\"2211f31\" data-element_type=\"widget\" data-e-type=\"widget\" data-widget_type=\"image.default\">\n\t\t\t\t<div class=\"elementor-widget-container\">\n\t\t\t\t\t\t\t\t\t\t\t\t<figure class=\"wp-caption\">\n\t\t\t\t\t\t\t\t\t\t<img loading=\"lazy\" decoding=\"async\" width=\"1024\" height=\"724\" src=\"https:\/\/vitalreviva.com\/wp-content\/uploads\/2025\/07\/vital-Euro-ar-12.07.2025-1024x724.jpeg\" class=\"attachment-large size-large wp-image-814\" alt=\"\" srcset=\"https:\/\/vitalreviva.com\/wp-content\/uploads\/2025\/07\/vital-Euro-ar-12.07.2025-1024x724.jpeg 1024w, https:\/\/vitalreviva.com\/wp-content\/uploads\/2025\/07\/vital-Euro-ar-12.07.2025-300x212.jpeg 300w, https:\/\/vitalreviva.com\/wp-content\/uploads\/2025\/07\/vital-Euro-ar-12.07.2025-768x543.jpeg 768w, https:\/\/vitalreviva.com\/wp-content\/uploads\/2025\/07\/vital-Euro-ar-12.07.2025-1536x1086.jpeg 1536w, https:\/\/vitalreviva.com\/wp-content\/uploads\/2025\/07\/vital-Euro-ar-12.07.2025.jpeg 2000w\" sizes=\"(max-width: 1024px) 100vw, 1024px\" \/>\t\t\t\t\t\t\t\t\t\t\t<figcaption class=\"widget-image-caption wp-caption-text\">Eur\u00f3 \u00e1rak<\/figcaption>\n\t\t\t\t\t\t\t\t\t\t<\/figure>\n\t\t\t\t\t\t\t\t\t<\/div>\n\t\t\t\t<\/div>\n\t\t\t\t\t<\/div>\n\t\t\t\t<\/div>\n\t\t\t\t<\/div>","protected":false},"excerpt":{"rendered":"<p>Akci\u00f3 Forint \u00e9s Eur\u00f3 \u00e1rak Eur\u00f3 \u00e1rak<\/p>","protected":false},"author":1,"featured_media":0,"parent":0,"menu_order":0,"comment_status":"closed","ping_status":"closed","template":"","meta":{"pagelayer_contact_templates":[],"_pagelayer_content":"","_kadence_starter_templates_imported_post":false,"_kad_post_transparent":"","_kad_post_title":"hide","_kad_post_layout":"fullwidth","_kad_post_sidebar_id":"","_kad_post_content_style":"unboxed","_kad_post_vertical_padding":"hide","_kad_post_feature":"hide","_kad_post_feature_position":"","_kad_post_header":false,"_kad_post_footer":false,"footnotes":""},"class_list":["post-812","page","type-page","status-publish","hentry"],"_links":{"self":[{"href":"https:\/\/vitalreviva.com\/hu_hu\/wp-json\/wp\/v2\/pages\/812","targetHints":{"allow":["GET"]}}],"collection":[{"href":"https:\/\/vitalreviva.com\/hu_hu\/wp-json\/wp\/v2\/pages"}],"about":[{"href":"https:\/\/vitalreviva.com\/hu_hu\/wp-json\/wp\/v2\/types\/page"}],"author":[{"embeddable":true,"href":"https:\/\/vitalreviva.com\/hu_hu\/wp-json\/wp\/v2\/users\/1"}],"replies":[{"embeddable":true,"href":"https:\/\/vitalreviva.com\/hu_hu\/wp-json\/wp\/v2\/comments?post=812"}],"version-history":[{"count":32,"href":"https:\/\/vitalreviva.com\/hu_hu\/wp-json\/wp\/v2\/pages\/812\/revisions"}],"predecessor-version":[{"id":1210,"href":"https:\/\/vitalreviva.com\/hu_hu\/wp-json\/wp\/v2\/pages\/812\/revisions\/1210"}],"wp:attachment":[{"href":"https:\/\/vitalreviva.com\/hu_hu\/wp-json\/wp\/v2\/media?parent=812"}],"curies":[{"name":"wp","href":"https:\/\/api.w.org\/{rel}","templated":true}]}}