{"id":80,"date":"2025-03-27T12:29:44","date_gmt":"2025-03-27T12:29:44","guid":{"rendered":"https:\/\/vitalreviva.com\/contact\/"},"modified":"2025-07-30T08:27:41","modified_gmt":"2025-07-30T08:27:41","slug":"kontakt","status":"publish","type":"page","link":"https:\/\/vitalreviva.com\/de\/contact\/","title":{"rendered":"Dolgozz vel\u00fcnk-Kapcsolat"},"content":{"rendered":"<div data-elementor-type=\"wp-page\" data-elementor-id=\"80\" class=\"elementor elementor-80\" data-elementor-post-type=\"page\">\n\t\t\t\t<div class=\"elementor-element elementor-element-70781971 e-flex e-con-boxed e-con e-parent\" data-id=\"70781971\" data-element_type=\"container\" data-e-type=\"container\" data-settings=\"{&quot;background_background&quot;:&quot;classic&quot;}\">\n\t\t\t\t\t<div class=\"e-con-inner\">\n\t\t\t\t<div class=\"elementor-element elementor-element-14efda8 elementor-widget__width-initial elementor-widget elementor-widget-heading\" data-id=\"14efda8\" data-element_type=\"widget\" data-e-type=\"widget\" data-widget_type=\"heading.default\">\n\t\t\t\t<div class=\"elementor-widget-container\">\n\t\t\t\t\t<h1 class=\"elementor-heading-title elementor-size-default\">vitalreviva.com<\/h1>\t\t\t\t<\/div>\n\t\t\t\t<\/div>\n\t\t\t\t<div class=\"elementor-element elementor-element-169b6f5 elementor-widget__width-initial animated-slow e-transform elementor-invisible elementor-widget elementor-widget-heading\" data-id=\"169b6f5\" data-element_type=\"widget\" data-e-type=\"widget\" data-settings=\"{&quot;_animation&quot;:&quot;rubberBand&quot;,&quot;_animation_delay&quot;:100,&quot;_transform_rotate_3d&quot;:&quot;yes&quot;,&quot;_transform_rotateX_effect&quot;:{&quot;unit&quot;:&quot;px&quot;,&quot;size&quot;:-1,&quot;sizes&quot;:[]},&quot;_transform_rotateZ_effect&quot;:{&quot;unit&quot;:&quot;px&quot;,&quot;size&quot;:&quot;&quot;,&quot;sizes&quot;:[]},&quot;_transform_rotateZ_effect_tablet&quot;:{&quot;unit&quot;:&quot;deg&quot;,&quot;size&quot;:&quot;&quot;,&quot;sizes&quot;:[]},&quot;_transform_rotateZ_effect_mobile&quot;:{&quot;unit&quot;:&quot;deg&quot;,&quot;size&quot;:&quot;&quot;,&quot;sizes&quot;:[]},&quot;_transform_rotateX_effect_tablet&quot;:{&quot;unit&quot;:&quot;deg&quot;,&quot;size&quot;:&quot;&quot;,&quot;sizes&quot;:[]},&quot;_transform_rotateX_effect_mobile&quot;:{&quot;unit&quot;:&quot;deg&quot;,&quot;size&quot;:&quot;&quot;,&quot;sizes&quot;:[]},&quot;_transform_rotateY_effect&quot;:{&quot;unit&quot;:&quot;px&quot;,&quot;size&quot;:&quot;&quot;,&quot;sizes&quot;:[]},&quot;_transform_rotateY_effect_tablet&quot;:{&quot;unit&quot;:&quot;deg&quot;,&quot;size&quot;:&quot;&quot;,&quot;sizes&quot;:[]},&quot;_transform_rotateY_effect_mobile&quot;:{&quot;unit&quot;:&quot;deg&quot;,&quot;size&quot;:&quot;&quot;,&quot;sizes&quot;:[]},&quot;_transform_perspective_effect&quot;:{&quot;unit&quot;:&quot;px&quot;,&quot;size&quot;:&quot;&quot;,&quot;sizes&quot;:[]},&quot;_transform_perspective_effect_tablet&quot;:{&quot;unit&quot;:&quot;px&quot;,&quot;size&quot;:&quot;&quot;,&quot;sizes&quot;:[]},&quot;_transform_perspective_effect_mobile&quot;:{&quot;unit&quot;:&quot;px&quot;,&quot;size&quot;:&quot;&quot;,&quot;sizes&quot;:[]}}\" data-widget_type=\"heading.default\">\n\t\t\t\t<div class=\"elementor-widget-container\">\n\t\t\t\t\t<h2 class=\"elementor-heading-title elementor-size-default\">FELH\u00cdV\u00c1S<\/h2>\t\t\t\t<\/div>\n\t\t\t\t<\/div>\n\t\t\t\t<div class=\"elementor-element elementor-element-0857192 elementor-widget__width-initial animated-slow e-transform elementor-invisible elementor-widget elementor-widget-heading\" data-id=\"0857192\" data-element_type=\"widget\" data-e-type=\"widget\" data-settings=\"{&quot;_animation&quot;:&quot;slideInUp&quot;,&quot;_animation_delay&quot;:100,&quot;_transform_rotate_3d&quot;:&quot;yes&quot;,&quot;_transform_rotateX_effect&quot;:{&quot;unit&quot;:&quot;px&quot;,&quot;size&quot;:-1,&quot;sizes&quot;:[]},&quot;_transform_rotateZ_effect&quot;:{&quot;unit&quot;:&quot;px&quot;,&quot;size&quot;:&quot;&quot;,&quot;sizes&quot;:[]},&quot;_transform_rotateZ_effect_tablet&quot;:{&quot;unit&quot;:&quot;deg&quot;,&quot;size&quot;:&quot;&quot;,&quot;sizes&quot;:[]},&quot;_transform_rotateZ_effect_mobile&quot;:{&quot;unit&quot;:&quot;deg&quot;,&quot;size&quot;:&quot;&quot;,&quot;sizes&quot;:[]},&quot;_transform_rotateX_effect_tablet&quot;:{&quot;unit&quot;:&quot;deg&quot;,&quot;size&quot;:&quot;&quot;,&quot;sizes&quot;:[]},&quot;_transform_rotateX_effect_mobile&quot;:{&quot;unit&quot;:&quot;deg&quot;,&quot;size&quot;:&quot;&quot;,&quot;sizes&quot;:[]},&quot;_transform_rotateY_effect&quot;:{&quot;unit&quot;:&quot;px&quot;,&quot;size&quot;:&quot;&quot;,&quot;sizes&quot;:[]},&quot;_transform_rotateY_effect_tablet&quot;:{&quot;unit&quot;:&quot;deg&quot;,&quot;size&quot;:&quot;&quot;,&quot;sizes&quot;:[]},&quot;_transform_rotateY_effect_mobile&quot;:{&quot;unit&quot;:&quot;deg&quot;,&quot;size&quot;:&quot;&quot;,&quot;sizes&quot;:[]},&quot;_transform_perspective_effect&quot;:{&quot;unit&quot;:&quot;px&quot;,&quot;size&quot;:&quot;&quot;,&quot;sizes&quot;:[]},&quot;_transform_perspective_effect_tablet&quot;:{&quot;unit&quot;:&quot;px&quot;,&quot;size&quot;:&quot;&quot;,&quot;sizes&quot;:[]},&quot;_transform_perspective_effect_mobile&quot;:{&quot;unit&quot;:&quot;px&quot;,&quot;size&quot;:&quot;&quot;,&quot;sizes&quot;:[]}}\" data-widget_type=\"heading.default\">\n\t\t\t\t<div class=\"elementor-widget-container\">\n\t\t\t\t\t<h2 class=\"elementor-heading-title elementor-size-default\">Term\u00e9keink sz\u00e9lesk\u00f6r\u0171 n\u00e9pszer\u0171s\u00edt\u00e9s\u00e9hez felhaszn\u00e1l\u00f3kat, tov\u00e1bb\u00e9rt\u00e9kes\u00edt\u0151ket keres\u00fcnk!<\/h2>\t\t\t\t<\/div>\n\t\t\t\t<\/div>\n\t\t\t\t<div class=\"elementor-element elementor-element-34c771c e-transform elementor-widget elementor-widget-text-editor\" data-id=\"34c771c\" data-element_type=\"widget\" data-e-type=\"widget\" data-settings=\"{&quot;_transform_rotate_3d&quot;:&quot;yes&quot;,&quot;_transform_rotateX_effect&quot;:{&quot;unit&quot;:&quot;px&quot;,&quot;size&quot;:1,&quot;sizes&quot;:[]},&quot;_transform_rotateY_effect&quot;:{&quot;unit&quot;:&quot;px&quot;,&quot;size&quot;:-360,&quot;sizes&quot;:[]},&quot;_transform_perspective_effect&quot;:{&quot;unit&quot;:&quot;px&quot;,&quot;size&quot;:54,&quot;sizes&quot;:[]},&quot;_transform_rotateZ_effect&quot;:{&quot;unit&quot;:&quot;px&quot;,&quot;size&quot;:0,&quot;sizes&quot;:[]},&quot;_transform_rotateZ_effect_tablet&quot;:{&quot;unit&quot;:&quot;deg&quot;,&quot;size&quot;:&quot;&quot;,&quot;sizes&quot;:[]},&quot;_transform_rotateZ_effect_mobile&quot;:{&quot;unit&quot;:&quot;deg&quot;,&quot;size&quot;:&quot;&quot;,&quot;sizes&quot;:[]},&quot;_transform_rotateX_effect_tablet&quot;:{&quot;unit&quot;:&quot;deg&quot;,&quot;size&quot;:&quot;&quot;,&quot;sizes&quot;:[]},&quot;_transform_rotateX_effect_mobile&quot;:{&quot;unit&quot;:&quot;deg&quot;,&quot;size&quot;:&quot;&quot;,&quot;sizes&quot;:[]},&quot;_transform_rotateY_effect_tablet&quot;:{&quot;unit&quot;:&quot;deg&quot;,&quot;size&quot;:&quot;&quot;,&quot;sizes&quot;:[]},&quot;_transform_rotateY_effect_mobile&quot;:{&quot;unit&quot;:&quot;deg&quot;,&quot;size&quot;:&quot;&quot;,&quot;sizes&quot;:[]},&quot;_transform_perspective_effect_tablet&quot;:{&quot;unit&quot;:&quot;px&quot;,&quot;size&quot;:&quot;&quot;,&quot;sizes&quot;:[]},&quot;_transform_perspective_effect_mobile&quot;:{&quot;unit&quot;:&quot;px&quot;,&quot;size&quot;:&quot;&quot;,&quot;sizes&quot;:[]}}\" data-widget_type=\"text-editor.default\">\n\t\t\t\t<div class=\"elementor-widget-container\">\n\t\t\t\t\t\t\t\t\t<p>B\u0151vebb inform\u00e1ci\u00f3 \u00e9s (k\u00f6telezetts\u00e9g n\u00e9lk\u00fcli) regisztr\u00e1ci\u00f3hoz kattints az al\u00e1bbi linkre, ahol lehet\u0151s\u00e9ged ny\u00edlik a term\u00e9kek kedvezm\u00e9nyes megv\u00e1s\u00e1rl\u00e1s\u00e1ra is.<\/p><p>\u00a0Regisztr\u00e1ci\u00f3 ut\u00e1n kapsz saj\u00e1t linket, amivel te is csatlakoztathatsz \u00e9rdekl\u0151d\u0151ket, \u00e9s tov\u00e1bbi kedvezm\u00e9nyeket szerezhetsz.<\/p>\t\t\t\t\t\t\t\t<\/div>\n\t\t\t\t<\/div>\n\t\t\t\t\t<\/div>\n\t\t\t\t<\/div>\n\t\t<div class=\"elementor-element elementor-element-2745de8 e-flex e-con-boxed e-con e-parent\" data-id=\"2745de8\" data-element_type=\"container\" data-e-type=\"container\">\n\t\t\t\t\t<div class=\"e-con-inner\">\n\t\t\t\t<div class=\"elementor-element elementor-element-a013db8 elementor-widget elementor-widget-image\" data-id=\"a013db8\" data-element_type=\"widget\" data-e-type=\"widget\" data-widget_type=\"image.default\">\n\t\t\t\t<div class=\"elementor-widget-container\">\n\t\t\t\t\t\t\t\t\t\t\t\t\t\t\t<img fetchpriority=\"high\" decoding=\"async\" width=\"653\" height=\"908\" src=\"https:\/\/vitalreviva.com\/wp-content\/uploads\/2025\/07\/mark1.png\" class=\"attachment-large size-large wp-image-1019\" alt=\"\" srcset=\"https:\/\/vitalreviva.com\/wp-content\/uploads\/2025\/07\/mark1.png 653w, https:\/\/vitalreviva.com\/wp-content\/uploads\/2025\/07\/mark1-216x300.png 216w, https:\/\/vitalreviva.com\/wp-content\/uploads\/2025\/07\/mark1-9x12.png 9w\" sizes=\"(max-width: 653px) 100vw, 653px\" \/>\t\t\t\t\t\t\t\t\t\t\t\t\t\t\t<\/div>\n\t\t\t\t<\/div>\n\t\t\t\t<div class=\"elementor-element elementor-element-626c035 elementor-widget elementor-widget-image\" data-id=\"626c035\" data-element_type=\"widget\" data-e-type=\"widget\" data-widget_type=\"image.default\">\n\t\t\t\t<div class=\"elementor-widget-container\">\n\t\t\t\t\t\t\t\t\t\t\t\t\t\t\t<img decoding=\"async\" width=\"1024\" height=\"726\" src=\"https:\/\/vitalreviva.com\/wp-content\/uploads\/2025\/07\/mark2-1024x726.png\" class=\"attachment-large size-large wp-image-1020\" alt=\"\" srcset=\"https:\/\/vitalreviva.com\/wp-content\/uploads\/2025\/07\/mark2-1024x726.png 1024w, https:\/\/vitalreviva.com\/wp-content\/uploads\/2025\/07\/mark2-300x213.png 300w, https:\/\/vitalreviva.com\/wp-content\/uploads\/2025\/07\/mark2-768x544.png 768w, https:\/\/vitalreviva.com\/wp-content\/uploads\/2025\/07\/mark2-18x12.png 18w, https:\/\/vitalreviva.com\/wp-content\/uploads\/2025\/07\/mark2.png 1298w\" sizes=\"(max-width: 1024px) 100vw, 1024px\" \/>\t\t\t\t\t\t\t\t\t\t\t\t\t\t\t<\/div>\n\t\t\t\t<\/div>\n\t\t\t\t<div class=\"elementor-element elementor-element-581a45e elementor-widget elementor-widget-image\" data-id=\"581a45e\" data-element_type=\"widget\" data-e-type=\"widget\" data-widget_type=\"image.default\">\n\t\t\t\t<div class=\"elementor-widget-container\">\n\t\t\t\t\t\t\t\t\t\t\t\t\t\t\t<img decoding=\"async\" width=\"1024\" height=\"718\" src=\"https:\/\/vitalreviva.com\/wp-content\/uploads\/2025\/07\/mark3-1024x718.png\" class=\"attachment-large size-large wp-image-1021\" alt=\"\" srcset=\"https:\/\/vitalreviva.com\/wp-content\/uploads\/2025\/07\/mark3-1024x718.png 1024w, https:\/\/vitalreviva.com\/wp-content\/uploads\/2025\/07\/mark3-300x210.png 300w, https:\/\/vitalreviva.com\/wp-content\/uploads\/2025\/07\/mark3-768x538.png 768w, https:\/\/vitalreviva.com\/wp-content\/uploads\/2025\/07\/mark3-18x12.png 18w, https:\/\/vitalreviva.com\/wp-content\/uploads\/2025\/07\/mark3.png 1293w\" sizes=\"(max-width: 1024px) 100vw, 1024px\" \/>\t\t\t\t\t\t\t\t\t\t\t\t\t\t\t<\/div>\n\t\t\t\t<\/div>\n\t\t\t\t<div class=\"elementor-element elementor-element-58deb8f elementor-widget elementor-widget-image\" data-id=\"58deb8f\" data-element_type=\"widget\" data-e-type=\"widget\" data-widget_type=\"image.default\">\n\t\t\t\t<div class=\"elementor-widget-container\">\n\t\t\t\t\t\t\t\t\t\t\t\t\t\t\t<img loading=\"lazy\" decoding=\"async\" width=\"1024\" height=\"711\" src=\"https:\/\/vitalreviva.com\/wp-content\/uploads\/2025\/07\/mark4-1024x711.png\" class=\"attachment-large size-large wp-image-1022\" alt=\"\" srcset=\"https:\/\/vitalreviva.com\/wp-content\/uploads\/2025\/07\/mark4-1024x711.png 1024w, https:\/\/vitalreviva.com\/wp-content\/uploads\/2025\/07\/mark4-300x208.png 300w, https:\/\/vitalreviva.com\/wp-content\/uploads\/2025\/07\/mark4-768x533.png 768w, https:\/\/vitalreviva.com\/wp-content\/uploads\/2025\/07\/mark4-18x12.png 18w, https:\/\/vitalreviva.com\/wp-content\/uploads\/2025\/07\/mark4.png 1293w\" sizes=\"(max-width: 1024px) 100vw, 1024px\" \/>\t\t\t\t\t\t\t\t\t\t\t\t\t\t\t<\/div>\n\t\t\t\t<\/div>\n\t\t\t\t<div class=\"elementor-element elementor-element-b6407f6 elementor-widget elementor-widget-image\" data-id=\"b6407f6\" data-element_type=\"widget\" data-e-type=\"widget\" data-widget_type=\"image.default\">\n\t\t\t\t<div class=\"elementor-widget-container\">\n\t\t\t\t\t\t\t\t\t\t\t\t\t\t\t<img loading=\"lazy\" decoding=\"async\" width=\"1024\" height=\"723\" src=\"https:\/\/vitalreviva.com\/wp-content\/uploads\/2025\/07\/mark5-1024x723.png\" class=\"attachment-large size-large wp-image-1023\" alt=\"\" srcset=\"https:\/\/vitalreviva.com\/wp-content\/uploads\/2025\/07\/mark5-1024x723.png 1024w, https:\/\/vitalreviva.com\/wp-content\/uploads\/2025\/07\/mark5-300x212.png 300w, https:\/\/vitalreviva.com\/wp-content\/uploads\/2025\/07\/mark5-768x542.png 768w, https:\/\/vitalreviva.com\/wp-content\/uploads\/2025\/07\/mark5-18x12.png 18w, https:\/\/vitalreviva.com\/wp-content\/uploads\/2025\/07\/mark5.png 1292w\" sizes=\"(max-width: 1024px) 100vw, 1024px\" \/>\t\t\t\t\t\t\t\t\t\t\t\t\t\t\t<\/div>\n\t\t\t\t<\/div>\n\t\t\t\t<div class=\"elementor-element elementor-element-47f6838 elementor-widget elementor-widget-image\" data-id=\"47f6838\" data-element_type=\"widget\" data-e-type=\"widget\" data-widget_type=\"image.default\">\n\t\t\t\t<div class=\"elementor-widget-container\">\n\t\t\t\t\t\t\t\t\t\t\t\t\t\t\t<img loading=\"lazy\" decoding=\"async\" width=\"1024\" height=\"718\" src=\"https:\/\/vitalreviva.com\/wp-content\/uploads\/2025\/07\/mark6-1024x718.png\" class=\"attachment-large size-large wp-image-1024\" alt=\"\" srcset=\"https:\/\/vitalreviva.com\/wp-content\/uploads\/2025\/07\/mark6-1024x718.png 1024w, https:\/\/vitalreviva.com\/wp-content\/uploads\/2025\/07\/mark6-300x210.png 300w, https:\/\/vitalreviva.com\/wp-content\/uploads\/2025\/07\/mark6-768x538.png 768w, https:\/\/vitalreviva.com\/wp-content\/uploads\/2025\/07\/mark6-18x12.png 18w, https:\/\/vitalreviva.com\/wp-content\/uploads\/2025\/07\/mark6.png 1293w\" sizes=\"(max-width: 1024px) 100vw, 1024px\" \/>\t\t\t\t\t\t\t\t\t\t\t\t\t\t\t<\/div>\n\t\t\t\t<\/div>\n\t\t\t\t<div class=\"elementor-element elementor-element-fc59655 elementor-widget elementor-widget-image\" data-id=\"fc59655\" data-element_type=\"widget\" data-e-type=\"widget\" data-widget_type=\"image.default\">\n\t\t\t\t<div class=\"elementor-widget-container\">\n\t\t\t\t\t\t\t\t\t\t\t\t\t\t\t<img loading=\"lazy\" decoding=\"async\" width=\"1024\" height=\"715\" src=\"https:\/\/vitalreviva.com\/wp-content\/uploads\/2025\/07\/mark7-1024x715.png\" class=\"attachment-large size-large wp-image-1025\" alt=\"\" srcset=\"https:\/\/vitalreviva.com\/wp-content\/uploads\/2025\/07\/mark7-1024x715.png 1024w, https:\/\/vitalreviva.com\/wp-content\/uploads\/2025\/07\/mark7-300x210.png 300w, https:\/\/vitalreviva.com\/wp-content\/uploads\/2025\/07\/mark7-768x536.png 768w, https:\/\/vitalreviva.com\/wp-content\/uploads\/2025\/07\/mark7-18x12.png 18w, https:\/\/vitalreviva.com\/wp-content\/uploads\/2025\/07\/mark7.png 1303w\" sizes=\"(max-width: 1024px) 100vw, 1024px\" \/>\t\t\t\t\t\t\t\t\t\t\t\t\t\t\t<\/div>\n\t\t\t\t<\/div>\n\t\t\t\t<div class=\"elementor-element elementor-element-2733b77 elementor-widget elementor-widget-image\" data-id=\"2733b77\" data-element_type=\"widget\" data-e-type=\"widget\" data-widget_type=\"image.default\">\n\t\t\t\t<div class=\"elementor-widget-container\">\n\t\t\t\t\t\t\t\t\t\t\t\t\t\t\t<img loading=\"lazy\" decoding=\"async\" width=\"1024\" height=\"715\" src=\"https:\/\/vitalreviva.com\/wp-content\/uploads\/2025\/07\/mark8-1024x715.png\" class=\"attachment-large size-large wp-image-1026\" alt=\"\" srcset=\"https:\/\/vitalreviva.com\/wp-content\/uploads\/2025\/07\/mark8-1024x715.png 1024w, https:\/\/vitalreviva.com\/wp-content\/uploads\/2025\/07\/mark8-300x210.png 300w, https:\/\/vitalreviva.com\/wp-content\/uploads\/2025\/07\/mark8-768x536.png 768w, https:\/\/vitalreviva.com\/wp-content\/uploads\/2025\/07\/mark8-18x12.png 18w, https:\/\/vitalreviva.com\/wp-content\/uploads\/2025\/07\/mark8.png 1297w\" sizes=\"(max-width: 1024px) 100vw, 1024px\" \/>\t\t\t\t\t\t\t\t\t\t\t\t\t\t\t<\/div>\n\t\t\t\t<\/div>\n\t\t\t\t<div class=\"elementor-element elementor-element-3977b750 animated-slow e-transform elementor-widget__width-initial elementor-invisible elementor-widget elementor-widget-image\" data-id=\"3977b750\" data-element_type=\"widget\" data-e-type=\"widget\" data-settings=\"{&quot;_animation&quot;:&quot;headShake&quot;,&quot;_transform_scaleX_effect&quot;:{&quot;unit&quot;:&quot;px&quot;,&quot;size&quot;:&quot;&quot;,&quot;sizes&quot;:[]},&quot;_transform_scaleX_effect_tablet&quot;:{&quot;unit&quot;:&quot;px&quot;,&quot;size&quot;:&quot;&quot;,&quot;sizes&quot;:[]},&quot;_transform_scaleX_effect_mobile&quot;:{&quot;unit&quot;:&quot;px&quot;,&quot;size&quot;:&quot;&quot;,&quot;sizes&quot;:[]},&quot;_transform_scaleY_effect&quot;:{&quot;unit&quot;:&quot;px&quot;,&quot;size&quot;:&quot;&quot;,&quot;sizes&quot;:[]},&quot;_transform_scaleY_effect_tablet&quot;:{&quot;unit&quot;:&quot;px&quot;,&quot;size&quot;:&quot;&quot;,&quot;sizes&quot;:[]},&quot;_transform_scaleY_effect_mobile&quot;:{&quot;unit&quot;:&quot;px&quot;,&quot;size&quot;:&quot;&quot;,&quot;sizes&quot;:[]}}\" data-widget_type=\"image.default\">\n\t\t\t\t<div class=\"elementor-widget-container\">\n\t\t\t\t\t\t\t\t\t\t\t\t\t\t\t<img loading=\"lazy\" decoding=\"async\" width=\"252\" height=\"379\" src=\"https:\/\/vitalreviva.com\/wp-content\/uploads\/2025\/04\/Kep3.png\" class=\"attachment-full size-full wp-image-456\" alt=\"\" srcset=\"https:\/\/vitalreviva.com\/wp-content\/uploads\/2025\/04\/Kep3.png 252w, https:\/\/vitalreviva.com\/wp-content\/uploads\/2025\/04\/Kep3-199x300.png 199w\" sizes=\"(max-width: 252px) 100vw, 252px\" \/>\t\t\t\t\t\t\t\t\t\t\t\t\t\t\t<\/div>\n\t\t\t\t<\/div>\n\t\t\t\t<div class=\"elementor-element elementor-element-6f69c6d elementor-widget elementor-widget-text-editor\" data-id=\"6f69c6d\" data-element_type=\"widget\" data-e-type=\"widget\" data-widget_type=\"text-editor.default\">\n\t\t\t\t<div class=\"elementor-widget-container\">\n\t\t\t\t\t\t\t\t\t<p>Contact Info:<\/p><p>E-mail:<\/p><p>vitalreviva@gmail.com<\/p>\t\t\t\t\t\t\t\t<\/div>\n\t\t\t\t<\/div>\n\t\t\t\t<div class=\"elementor-element elementor-element-2c00169 elementor-align-center elementor-widget elementor-widget-button\" data-id=\"2c00169\" data-element_type=\"widget\" data-e-type=\"widget\" data-widget_type=\"button.default\">\n\t\t\t\t<div class=\"elementor-widget-container\">\n\t\t\t\t\t\t\t\t\t<div class=\"elementor-button-wrapper\">\n\t\t\t\t\t<a class=\"elementor-button elementor-button-link elementor-size-sm\" href=\"mailto:%20vitalreviva@gmail.com\">\n\t\t\t\t\t\t<span class=\"elementor-button-content-wrapper\">\n\t\t\t\t\t\t\t\t\t<span class=\"elementor-button-text\">E-mail k\u00fcld\u00e9se<\/span>\n\t\t\t\t\t<\/span>\n\t\t\t\t\t<\/a>\n\t\t\t\t<\/div>\n\t\t\t\t\t\t\t\t<\/div>\n\t\t\t\t<\/div>\n\t\t\t\t\t<\/div>\n\t\t\t\t<\/div>\n\t\t\t\t<\/div>","protected":false},"excerpt":{"rendered":"<p>vitalreviva.com FELH\u00cdV\u00c1S Term\u00e9keink sz\u00e9lesk\u00f6r\u0171 n\u00e9pszer\u0171s\u00edt\u00e9s\u00e9hez felhaszn\u00e1l\u00f3kat, tov\u00e1bb\u00e9rt\u00e9kes\u00edt\u0151ket keres\u00fcnk! B\u0151vebb inform\u00e1ci\u00f3 \u00e9s (k\u00f6telezetts\u00e9g n\u00e9lk\u00fcli) regisztr\u00e1ci\u00f3hoz kattints az al\u00e1bbi linkre, ahol lehet\u0151s\u00e9ged ny\u00edlik a term\u00e9kek kedvezm\u00e9nyes megv\u00e1s\u00e1rl\u00e1s\u00e1ra is. \u00a0Regisztr\u00e1ci\u00f3 ut\u00e1n kapsz saj\u00e1t linket, amivel te is csatlakoztathatsz \u00e9rdekl\u0151d\u0151ket, \u00e9s tov\u00e1bbi kedvezm\u00e9nyeket szerezhetsz. Contact Info: E-mail: vitalreviva@gmail.com E-mail k\u00fcld\u00e9se<\/p>","protected":false},"author":1,"featured_media":0,"parent":0,"menu_order":6,"comment_status":"closed","ping_status":"closed","template":"elementor_header_footer","meta":{"pagelayer_contact_templates":[],"_pagelayer_content":"","_kadence_starter_templates_imported_post":false,"_kad_post_transparent":"","_kad_post_title":"","_kad_post_layout":"","_kad_post_sidebar_id":"","_kad_post_content_style":"","_kad_post_vertical_padding":"","_kad_post_feature":"","_kad_post_feature_position":"","_kad_post_header":false,"_kad_post_footer":false,"footnotes":""},"class_list":["post-80","page","type-page","status-publish","hentry"],"_links":{"self":[{"href":"https:\/\/vitalreviva.com\/de\/wp-json\/wp\/v2\/pages\/80","targetHints":{"allow":["GET"]}}],"collection":[{"href":"https:\/\/vitalreviva.com\/de\/wp-json\/wp\/v2\/pages"}],"about":[{"href":"https:\/\/vitalreviva.com\/de\/wp-json\/wp\/v2\/types\/page"}],"author":[{"embeddable":true,"href":"https:\/\/vitalreviva.com\/de\/wp-json\/wp\/v2\/users\/1"}],"replies":[{"embeddable":true,"href":"https:\/\/vitalreviva.com\/de\/wp-json\/wp\/v2\/comments?post=80"}],"version-history":[{"count":51,"href":"https:\/\/vitalreviva.com\/de\/wp-json\/wp\/v2\/pages\/80\/revisions"}],"predecessor-version":[{"id":1193,"href":"https:\/\/vitalreviva.com\/de\/wp-json\/wp\/v2\/pages\/80\/revisions\/1193"}],"wp:attachment":[{"href":"https:\/\/vitalreviva.com\/de\/wp-json\/wp\/v2\/media?parent=80"}],"curies":[{"name":"wp","href":"https:\/\/api.w.org\/{rel}","templated":true}]}}